{"id":13,"date":"2019-06-22T16:30:07","date_gmt":"2019-06-22T14:30:07","guid":{"rendered":"http:\/\/fo-conforama.fr\/?page_id=13"},"modified":"2024-05-27T11:55:15","modified_gmt":"2024-05-27T09:55:15","slug":"mentions-legales","status":"publish","type":"page","link":"https:\/\/fo-conforama.fr\/index.php\/mentions-legales\/","title":{"rendered":"Mentions L\u00e9gales"},"content":{"rendered":"\r\n<h3 class=\"wp-block-heading\">Identification de l\u2019\u00e9diteur<\/h3>\r\n\r\n\r\n\r\n<h4 class=\"wp-block-heading\">FO CONFORAMA<\/h4>\r\n\r\n\r\n\r\n<p><strong>Manuel AIRES<\/strong><\/p>\r\n<p><strong>T\u00e9l\u00e9phone :<\/strong> 06 50 24 64 15<\/p>\r\n<p><strong>Adresse personnelle<\/strong> : 1 rue Robert Schuman 94510 La-Queue-en-Brie<\/p>\r\n<p><strong>Mail :<\/strong> contact@fo-conforama.fr<\/p>\r\n\r\n\r\n\r\n<h3 class=\"wp-block-heading\">Responsable de la publication<\/h3>\r\n\r\n\r\n\r\n<p><strong>Manuel AIRES<\/strong><\/p>\r\n<p><strong>T\u00e9l\u00e9phone :<\/strong> 06 50 24 64 15<\/p>\r\n<p><strong>Adresse personnelle<\/strong> : 1 rue Robert Schuman 94510 La-Queue-en-Brie<\/p>\r\n<p><strong>Mail :<\/strong> contact@fo-conforama.fr<\/p>\r\n\r\n\r\n\r\n<h3 class=\"wp-block-heading\">D\u00e9veloppement du site internet<\/h3>\r\n\r\n\r\n\r\n<p><a href=\"https:\/\/oscarbrouchot.fr\/?utm_source=creationsiteweb&amp;utm_medium=fo-conforama&amp;utm_campaign=mentionlegale\" target=\"_blank\" rel=\"noreferrer noopener\">Oscar Brouchot<\/a>\u00a0<\/p>\r\n\r\n\r\n\r\n<h3 class=\"wp-block-heading\">H\u00e9bergement<\/h3>\r\n\r\n\r\n\r\n<p>OVH SAS au capital de 10 069 020 \u20ac<br \/>RCS Lille M\u00e9tropole 424 761 419 00045<br \/>Code APE 2620Z<br \/>N\u00b0 TVA : FR 22 424 761 419<br \/>Si\u00e8ge social : 2 rue Kellermann &#8211; 59100 Roubaix &#8211; France<\/p>\r\n\r\n\r\n\r\n<h3 class=\"wp-block-heading\">Traitement des donn\u00e9es \u00e0 caract\u00e8re personnel<\/h3>\r\n\r\n\r\n\r\n<p>Ce site n\u2019effectue pas de traitement de donn\u00e9es \u00e0 caract\u00e8re personnel.<\/p>\r\n\r\n\r\n\r\n<p>Le site poss\u00e8de un formulaire de contact.<br \/>Les donn\u00e9es collect\u00e9es sont l\u2019adresse courriel, le nom (optionnel) et le pr\u00e9nom (optionnel). Elles sont destin\u00e9es uniquement \u00e0 vous recontacter et ne sont pas utilis\u00e9es \u00e0 d\u2019autres fins. Aucune donn\u00e9e personnelle n\u2019est transmise \u00e0 des tiers.<\/p>\r\n\r\n\r\n\r\n<p>&nbsp;<\/p>\r\n","protected":false},"excerpt":{"rendered":"<div class=\"mh-excerpt\"><p>Identification de l\u2019\u00e9diteur FO CONFORAMA Manuel AIRES T\u00e9l\u00e9phone : 06 50 24 64 15 Adresse personnelle : 1 rue Robert Schuman 94510 La-Queue-en-Brie Mail : <a class=\"mh-excerpt-more\" href=\"https:\/\/fo-conforama.fr\/index.php\/mentions-legales\/\" title=\"Mentions L\u00e9gales\">[&#8230;]<\/a><\/p>\n<\/div>","protected":false},"author":1,"featured_media":0,"parent":0,"menu_order":0,"comment_status":"closed","ping_status":"closed","template":"template-full.php","meta":{"footnotes":""},"yoast_head":"<!-- This site is optimized with the Yoast SEO plugin v22.2 - https:\/\/yoast.com\/wordpress\/plugins\/seo\/ -->\n<title>| FO Conforama<\/title>\n<meta name=\"robots\" content=\"index, follow, max-snippet:-1, max-image-preview:large, max-video-preview:-1\" \/>\n<link rel=\"canonical\" href=\"https:\/\/fo-conforama.fr\/index.php\/mentions-legales\/\" \/>\n<meta property=\"og:locale\" content=\"fr_FR\" \/>\n<meta property=\"og:type\" content=\"article\" \/>\n<meta property=\"og:title\" content=\"| FO Conforama\" \/>\n<meta property=\"og:description\" content=\"Identification de l\u2019\u00e9diteur FO CONFORAMA Manuel AIRES T\u00e9l\u00e9phone : 06 50 24 64 15 Adresse personnelle : 1 rue Robert Schuman 94510 La-Queue-en-Brie Mail : [...]\" \/>\n<meta property=\"og:url\" content=\"https:\/\/fo-conforama.fr\/index.php\/mentions-legales\/\" \/>\n<meta property=\"og:site_name\" content=\"FO Conforama\" \/>\n<meta property=\"article:publisher\" content=\"https:\/\/www.facebook.com\/foconforama\/\" \/>\n<meta property=\"article:modified_time\" content=\"2024-05-27T09:55:15+00:00\" \/>\n<meta name=\"twitter:card\" content=\"summary_large_image\" \/>\n<meta name=\"twitter:label1\" content=\"Dur\u00e9e de lecture estim\u00e9e\" \/>\n\t<meta name=\"twitter:data1\" content=\"1 minute\" \/>\n<script type=\"application\/ld+json\" class=\"yoast-schema-graph\">{\"@context\":\"https:\/\/schema.org\",\"@graph\":[{\"@type\":\"WebPage\",\"@id\":\"https:\/\/fo-conforama.fr\/index.php\/mentions-legales\/\",\"url\":\"https:\/\/fo-conforama.fr\/index.php\/mentions-legales\/\",\"name\":\"| FO Conforama\",\"isPartOf\":{\"@id\":\"https:\/\/fo-conforama.fr\/#website\"},\"datePublished\":\"2019-06-22T14:30:07+00:00\",\"dateModified\":\"2024-05-27T09:55:15+00:00\",\"breadcrumb\":{\"@id\":\"https:\/\/fo-conforama.fr\/index.php\/mentions-legales\/#breadcrumb\"},\"inLanguage\":\"fr-FR\",\"potentialAction\":[{\"@type\":\"ReadAction\",\"target\":[\"https:\/\/fo-conforama.fr\/index.php\/mentions-legales\/\"]}]},{\"@type\":\"BreadcrumbList\",\"@id\":\"https:\/\/fo-conforama.fr\/index.php\/mentions-legales\/#breadcrumb\",\"itemListElement\":[{\"@type\":\"ListItem\",\"position\":1,\"name\":\"Home\",\"item\":\"https:\/\/fo-conforama.fr\/\"},{\"@type\":\"ListItem\",\"position\":2,\"name\":\"Mentions L\u00e9gales\"}]},{\"@type\":\"WebSite\",\"@id\":\"https:\/\/fo-conforama.fr\/#website\",\"url\":\"https:\/\/fo-conforama.fr\/\",\"name\":\"FO Conforama\",\"description\":\"Bienvenue sur le site de Force Ouvri\u00e8re Conforama\",\"publisher\":{\"@id\":\"https:\/\/fo-conforama.fr\/#organization\"},\"potentialAction\":[{\"@type\":\"SearchAction\",\"target\":{\"@type\":\"EntryPoint\",\"urlTemplate\":\"https:\/\/fo-conforama.fr\/?s={search_term_string}\"},\"query-input\":\"required name=search_term_string\"}],\"inLanguage\":\"fr-FR\"},{\"@type\":\"Organization\",\"@id\":\"https:\/\/fo-conforama.fr\/#organization\",\"name\":\"SECTION FO CONFORAMA\",\"url\":\"https:\/\/fo-conforama.fr\/\",\"logo\":{\"@type\":\"ImageObject\",\"inLanguage\":\"fr-FR\",\"@id\":\"https:\/\/fo-conforama.fr\/#\/schema\/logo\/image\/\",\"url\":\"https:\/\/fo-conforama.fr\/wp-content\/uploads\/2019\/06\/logo-force-ouvriere-conforama-e1561365263970.jpg\",\"contentUrl\":\"https:\/\/fo-conforama.fr\/wp-content\/uploads\/2019\/06\/logo-force-ouvriere-conforama-e1561365263970.jpg\",\"width\":150,\"height\":116,\"caption\":\"SECTION FO CONFORAMA\"},\"image\":{\"@id\":\"https:\/\/fo-conforama.fr\/#\/schema\/logo\/image\/\"},\"sameAs\":[\"https:\/\/www.facebook.com\/foconforama\/\"]}]}<\/script>\n<!-- \/ Yoast SEO plugin. -->","yoast_head_json":{"title":"| FO Conforama","robots":{"index":"index","follow":"follow","max-snippet":"max-snippet:-1","max-image-preview":"max-image-preview:large","max-video-preview":"max-video-preview:-1"},"canonical":"https:\/\/fo-conforama.fr\/index.php\/mentions-legales\/","og_locale":"fr_FR","og_type":"article","og_title":"| FO Conforama","og_description":"Identification de l\u2019\u00e9diteur FO CONFORAMA Manuel AIRES T\u00e9l\u00e9phone : 06 50 24 64 15 Adresse personnelle : 1 rue Robert Schuman 94510 La-Queue-en-Brie Mail : [...]","og_url":"https:\/\/fo-conforama.fr\/index.php\/mentions-legales\/","og_site_name":"FO Conforama","article_publisher":"https:\/\/www.facebook.com\/foconforama\/","article_modified_time":"2024-05-27T09:55:15+00:00","twitter_card":"summary_large_image","twitter_misc":{"Dur\u00e9e de lecture estim\u00e9e":"1 minute"},"schema":{"@context":"https:\/\/schema.org","@graph":[{"@type":"WebPage","@id":"https:\/\/fo-conforama.fr\/index.php\/mentions-legales\/","url":"https:\/\/fo-conforama.fr\/index.php\/mentions-legales\/","name":"| FO Conforama","isPartOf":{"@id":"https:\/\/fo-conforama.fr\/#website"},"datePublished":"2019-06-22T14:30:07+00:00","dateModified":"2024-05-27T09:55:15+00:00","breadcrumb":{"@id":"https:\/\/fo-conforama.fr\/index.php\/mentions-legales\/#breadcrumb"},"inLanguage":"fr-FR","potentialAction":[{"@type":"ReadAction","target":["https:\/\/fo-conforama.fr\/index.php\/mentions-legales\/"]}]},{"@type":"BreadcrumbList","@id":"https:\/\/fo-conforama.fr\/index.php\/mentions-legales\/#breadcrumb","itemListElement":[{"@type":"ListItem","position":1,"name":"Home","item":"https:\/\/fo-conforama.fr\/"},{"@type":"ListItem","position":2,"name":"Mentions L\u00e9gales"}]},{"@type":"WebSite","@id":"https:\/\/fo-conforama.fr\/#website","url":"https:\/\/fo-conforama.fr\/","name":"FO Conforama","description":"Bienvenue sur le site de Force Ouvri\u00e8re Conforama","publisher":{"@id":"https:\/\/fo-conforama.fr\/#organization"},"potentialAction":[{"@type":"SearchAction","target":{"@type":"EntryPoint","urlTemplate":"https:\/\/fo-conforama.fr\/?s={search_term_string}"},"query-input":"required name=search_term_string"}],"inLanguage":"fr-FR"},{"@type":"Organization","@id":"https:\/\/fo-conforama.fr\/#organization","name":"SECTION FO CONFORAMA","url":"https:\/\/fo-conforama.fr\/","logo":{"@type":"ImageObject","inLanguage":"fr-FR","@id":"https:\/\/fo-conforama.fr\/#\/schema\/logo\/image\/","url":"https:\/\/fo-conforama.fr\/wp-content\/uploads\/2019\/06\/logo-force-ouvriere-conforama-e1561365263970.jpg","contentUrl":"https:\/\/fo-conforama.fr\/wp-content\/uploads\/2019\/06\/logo-force-ouvriere-conforama-e1561365263970.jpg","width":150,"height":116,"caption":"SECTION FO CONFORAMA"},"image":{"@id":"https:\/\/fo-conforama.fr\/#\/schema\/logo\/image\/"},"sameAs":["https:\/\/www.facebook.com\/foconforama\/"]}]}},"_links":{"self":[{"href":"https:\/\/fo-conforama.fr\/index.php\/wp-json\/wp\/v2\/pages\/13"}],"collection":[{"href":"https:\/\/fo-conforama.fr\/index.php\/wp-json\/wp\/v2\/pages"}],"about":[{"href":"https:\/\/fo-conforama.fr\/index.php\/wp-json\/wp\/v2\/types\/page"}],"author":[{"embeddable":true,"href":"https:\/\/fo-conforama.fr\/index.php\/wp-json\/wp\/v2\/users\/1"}],"replies":[{"embeddable":true,"href":"https:\/\/fo-conforama.fr\/index.php\/wp-json\/wp\/v2\/comments?post=13"}],"version-history":[{"count":4,"href":"https:\/\/fo-conforama.fr\/index.php\/wp-json\/wp\/v2\/pages\/13\/revisions"}],"predecessor-version":[{"id":3399,"href":"https:\/\/fo-conforama.fr\/index.php\/wp-json\/wp\/v2\/pages\/13\/revisions\/3399"}],"wp:attachment":[{"href":"https:\/\/fo-conforama.fr\/index.php\/wp-json\/wp\/v2\/media?parent=13"}],"curies":[{"name":"wp","href":"https:\/\/api.w.org\/{rel}","templated":true}]}}