{"id":27,"date":"2019-06-22T17:14:36","date_gmt":"2019-06-22T15:14:36","guid":{"rendered":"http:\/\/fo-conforama.fr\/?page_id=27"},"modified":"2023-11-13T12:57:44","modified_gmt":"2023-11-13T11:57:44","slug":"vos-representants-fo","status":"publish","type":"page","link":"https:\/\/fo-conforama.fr\/index.php\/vos-representants-fo\/","title":{"rendered":"Vos repr\u00e9sentants FO"},"content":{"rendered":"\t\t<div data-elementor-type=\"wp-post\" data-elementor-id=\"27\" class=\"elementor elementor-27\">\n\t\t\t\t\t\t<section class=\"elementor-section elementor-top-section elementor-element elementor-element-ee35262 elementor-section-boxed elementor-section-height-default elementor-section-height-default\" data-id=\"ee35262\" data-element_type=\"section\">\n\t\t\t\t\t\t<div class=\"elementor-container elementor-column-gap-default\">\n\t\t\t\t\t<div class=\"elementor-column elementor-col-50 elementor-top-column elementor-element elementor-element-d2402ab\" data-id=\"d2402ab\" data-element_type=\"column\">\n\t\t\t<div class=\"elementor-widget-wrap elementor-element-populated\">\n\t\t\t\t\t\t<div class=\"elementor-element elementor-element-e7c7153 elementor-widget elementor-widget-text-editor\" data-id=\"e7c7153\" data-element_type=\"widget\" data-widget_type=\"text-editor.default\">\n\t\t\t\t<div class=\"elementor-widget-container\">\n\t\t\t\t\t\t\t<p><strong>Vos repr\u00e9sentants nationaux sont :\u00a0<\/strong><\/p>\n<ul>\n<li><strong>le D\u00e9l\u00e9gu\u00e9 Syndical Central<\/strong> <span style=\"color: #ff0000;\"><em><strong>FORCE OUVRIERE<\/strong><\/em><\/span> et<\/li>\n<li><strong>le Repr\u00e9sentant Syndical<\/strong> <span style=\"color: #ff0000;\"><em><strong>FORCE OUVRIERE<\/strong><\/em><\/span> <strong>aupr\u00e8s du CSEC.<\/strong><\/li>\n<\/ul>\n<p><strong>Vous pouvez les contacter avec une adresse mail unique.<\/strong><\/p>\t\t\t\t\t\t<\/div>\n\t\t\t\t<\/div>\n\t\t\t\t\t<\/div>\n\t\t<\/div>\n\t\t\t\t<div class=\"elementor-column elementor-col-50 elementor-top-column elementor-element elementor-element-ae197d2\" data-id=\"ae197d2\" data-element_type=\"column\">\n\t\t\t<div class=\"elementor-widget-wrap elementor-element-populated\">\n\t\t\t\t\t\t<div class=\"elementor-element elementor-element-4acf1e5 elementor-view-default elementor-position-top elementor-mobile-position-top elementor-widget elementor-widget-icon-box\" data-id=\"4acf1e5\" data-element_type=\"widget\" data-widget_type=\"icon-box.default\">\n\t\t\t\t<div class=\"elementor-widget-container\">\n\t\t\t\t\t<div class=\"elementor-icon-box-wrapper\">\n\t\t\t\t\t\t<div class=\"elementor-icon-box-icon\">\n\t\t\t\t<span  class=\"elementor-icon elementor-animation-\">\n\t\t\t\t<i aria-hidden=\"true\" class=\"far fa-envelope\"><\/i>\t\t\t\t<\/span>\n\t\t\t<\/div>\n\t\t\t\t\t\t<div class=\"elementor-icon-box-content\">\n\t\t\t\t<h3 class=\"elementor-icon-box-title\">\n\t\t\t\t\t<span  >\n\t\t\t\t\t\tNotre adresse mail :\t\t\t\t\t<\/span>\n\t\t\t\t<\/h3>\n\t\t\t\t\t\t\t\t\t<p class=\"elementor-icon-box-description\">\n\t\t\t\t\t\tcontact@fo-conforama.fr\t\t\t\t\t<\/p>\n\t\t\t\t\t\t\t<\/div>\n\t\t<\/div>\n\t\t\t\t<\/div>\n\t\t\t\t<\/div>\n\t\t\t\t\t<\/div>\n\t\t<\/div>\n\t\t\t\t\t<\/div>\n\t\t<\/section>\n\t\t\t\t<\/div>\n\t\t","protected":false},"excerpt":{"rendered":"<div class=\"mh-excerpt\"><p>Vos repr\u00e9sentants nationaux sont :\u00a0 le D\u00e9l\u00e9gu\u00e9 Syndical Central FORCE OUVRIERE et le Repr\u00e9sentant Syndical FORCE OUVRIERE aupr\u00e8s du CSEC. Vous pouvez les contacter avec <a class=\"mh-excerpt-more\" href=\"https:\/\/fo-conforama.fr\/index.php\/vos-representants-fo\/\" title=\"Vos repr\u00e9sentants FO\">[&#8230;]<\/a><\/p>\n<\/div>","protected":false},"author":1,"featured_media":0,"parent":0,"menu_order":0,"comment_status":"closed","ping_status":"closed","template":"template-full.php","meta":{"footnotes":""},"yoast_head":"<!-- This site is optimized with the Yoast SEO plugin v22.2 - https:\/\/yoast.com\/wordpress\/plugins\/seo\/ -->\n<title>| FO Conforama<\/title>\n<meta name=\"robots\" content=\"index, follow, max-snippet:-1, max-image-preview:large, max-video-preview:-1\" \/>\n<link rel=\"canonical\" href=\"https:\/\/fo-conforama.fr\/index.php\/vos-representants-fo\/\" \/>\n<meta property=\"og:locale\" content=\"fr_FR\" \/>\n<meta property=\"og:type\" content=\"article\" \/>\n<meta property=\"og:title\" content=\"| FO Conforama\" \/>\n<meta property=\"og:description\" content=\"Vos repr\u00e9sentants nationaux sont :\u00a0 le D\u00e9l\u00e9gu\u00e9 Syndical Central FORCE OUVRIERE et le Repr\u00e9sentant Syndical FORCE OUVRIERE aupr\u00e8s du CSEC. Vous pouvez les contacter avec [...]\" \/>\n<meta property=\"og:url\" content=\"https:\/\/fo-conforama.fr\/index.php\/vos-representants-fo\/\" \/>\n<meta property=\"og:site_name\" content=\"FO Conforama\" \/>\n<meta property=\"article:publisher\" content=\"https:\/\/www.facebook.com\/foconforama\/\" \/>\n<meta property=\"article:modified_time\" content=\"2023-11-13T11:57:44+00:00\" \/>\n<meta name=\"twitter:card\" content=\"summary_large_image\" \/>\n<script type=\"application\/ld+json\" class=\"yoast-schema-graph\">{\"@context\":\"https:\/\/schema.org\",\"@graph\":[{\"@type\":\"WebPage\",\"@id\":\"https:\/\/fo-conforama.fr\/index.php\/vos-representants-fo\/\",\"url\":\"https:\/\/fo-conforama.fr\/index.php\/vos-representants-fo\/\",\"name\":\"| FO Conforama\",\"isPartOf\":{\"@id\":\"https:\/\/fo-conforama.fr\/#website\"},\"datePublished\":\"2019-06-22T15:14:36+00:00\",\"dateModified\":\"2023-11-13T11:57:44+00:00\",\"breadcrumb\":{\"@id\":\"https:\/\/fo-conforama.fr\/index.php\/vos-representants-fo\/#breadcrumb\"},\"inLanguage\":\"fr-FR\",\"potentialAction\":[{\"@type\":\"ReadAction\",\"target\":[\"https:\/\/fo-conforama.fr\/index.php\/vos-representants-fo\/\"]}]},{\"@type\":\"BreadcrumbList\",\"@id\":\"https:\/\/fo-conforama.fr\/index.php\/vos-representants-fo\/#breadcrumb\",\"itemListElement\":[{\"@type\":\"ListItem\",\"position\":1,\"name\":\"Home\",\"item\":\"https:\/\/fo-conforama.fr\/\"},{\"@type\":\"ListItem\",\"position\":2,\"name\":\"Vos repr\u00e9sentants FO\"}]},{\"@type\":\"WebSite\",\"@id\":\"https:\/\/fo-conforama.fr\/#website\",\"url\":\"https:\/\/fo-conforama.fr\/\",\"name\":\"FO Conforama\",\"description\":\"Bienvenue sur le site de Force Ouvri\u00e8re Conforama\",\"publisher\":{\"@id\":\"https:\/\/fo-conforama.fr\/#organization\"},\"potentialAction\":[{\"@type\":\"SearchAction\",\"target\":{\"@type\":\"EntryPoint\",\"urlTemplate\":\"https:\/\/fo-conforama.fr\/?s={search_term_string}\"},\"query-input\":\"required name=search_term_string\"}],\"inLanguage\":\"fr-FR\"},{\"@type\":\"Organization\",\"@id\":\"https:\/\/fo-conforama.fr\/#organization\",\"name\":\"SECTION FO CONFORAMA\",\"url\":\"https:\/\/fo-conforama.fr\/\",\"logo\":{\"@type\":\"ImageObject\",\"inLanguage\":\"fr-FR\",\"@id\":\"https:\/\/fo-conforama.fr\/#\/schema\/logo\/image\/\",\"url\":\"https:\/\/fo-conforama.fr\/wp-content\/uploads\/2019\/06\/logo-force-ouvriere-conforama-e1561365263970.jpg\",\"contentUrl\":\"https:\/\/fo-conforama.fr\/wp-content\/uploads\/2019\/06\/logo-force-ouvriere-conforama-e1561365263970.jpg\",\"width\":150,\"height\":116,\"caption\":\"SECTION FO CONFORAMA\"},\"image\":{\"@id\":\"https:\/\/fo-conforama.fr\/#\/schema\/logo\/image\/\"},\"sameAs\":[\"https:\/\/www.facebook.com\/foconforama\/\"]}]}<\/script>\n<!-- \/ Yoast SEO plugin. -->","yoast_head_json":{"title":"| FO Conforama","robots":{"index":"index","follow":"follow","max-snippet":"max-snippet:-1","max-image-preview":"max-image-preview:large","max-video-preview":"max-video-preview:-1"},"canonical":"https:\/\/fo-conforama.fr\/index.php\/vos-representants-fo\/","og_locale":"fr_FR","og_type":"article","og_title":"| FO Conforama","og_description":"Vos repr\u00e9sentants nationaux sont :\u00a0 le D\u00e9l\u00e9gu\u00e9 Syndical Central FORCE OUVRIERE et le Repr\u00e9sentant Syndical FORCE OUVRIERE aupr\u00e8s du CSEC. Vous pouvez les contacter avec [...]","og_url":"https:\/\/fo-conforama.fr\/index.php\/vos-representants-fo\/","og_site_name":"FO Conforama","article_publisher":"https:\/\/www.facebook.com\/foconforama\/","article_modified_time":"2023-11-13T11:57:44+00:00","twitter_card":"summary_large_image","schema":{"@context":"https:\/\/schema.org","@graph":[{"@type":"WebPage","@id":"https:\/\/fo-conforama.fr\/index.php\/vos-representants-fo\/","url":"https:\/\/fo-conforama.fr\/index.php\/vos-representants-fo\/","name":"| FO Conforama","isPartOf":{"@id":"https:\/\/fo-conforama.fr\/#website"},"datePublished":"2019-06-22T15:14:36+00:00","dateModified":"2023-11-13T11:57:44+00:00","breadcrumb":{"@id":"https:\/\/fo-conforama.fr\/index.php\/vos-representants-fo\/#breadcrumb"},"inLanguage":"fr-FR","potentialAction":[{"@type":"ReadAction","target":["https:\/\/fo-conforama.fr\/index.php\/vos-representants-fo\/"]}]},{"@type":"BreadcrumbList","@id":"https:\/\/fo-conforama.fr\/index.php\/vos-representants-fo\/#breadcrumb","itemListElement":[{"@type":"ListItem","position":1,"name":"Home","item":"https:\/\/fo-conforama.fr\/"},{"@type":"ListItem","position":2,"name":"Vos repr\u00e9sentants FO"}]},{"@type":"WebSite","@id":"https:\/\/fo-conforama.fr\/#website","url":"https:\/\/fo-conforama.fr\/","name":"FO Conforama","description":"Bienvenue sur le site de Force Ouvri\u00e8re Conforama","publisher":{"@id":"https:\/\/fo-conforama.fr\/#organization"},"potentialAction":[{"@type":"SearchAction","target":{"@type":"EntryPoint","urlTemplate":"https:\/\/fo-conforama.fr\/?s={search_term_string}"},"query-input":"required name=search_term_string"}],"inLanguage":"fr-FR"},{"@type":"Organization","@id":"https:\/\/fo-conforama.fr\/#organization","name":"SECTION FO CONFORAMA","url":"https:\/\/fo-conforama.fr\/","logo":{"@type":"ImageObject","inLanguage":"fr-FR","@id":"https:\/\/fo-conforama.fr\/#\/schema\/logo\/image\/","url":"https:\/\/fo-conforama.fr\/wp-content\/uploads\/2019\/06\/logo-force-ouvriere-conforama-e1561365263970.jpg","contentUrl":"https:\/\/fo-conforama.fr\/wp-content\/uploads\/2019\/06\/logo-force-ouvriere-conforama-e1561365263970.jpg","width":150,"height":116,"caption":"SECTION FO CONFORAMA"},"image":{"@id":"https:\/\/fo-conforama.fr\/#\/schema\/logo\/image\/"},"sameAs":["https:\/\/www.facebook.com\/foconforama\/"]}]}},"_links":{"self":[{"href":"https:\/\/fo-conforama.fr\/index.php\/wp-json\/wp\/v2\/pages\/27"}],"collection":[{"href":"https:\/\/fo-conforama.fr\/index.php\/wp-json\/wp\/v2\/pages"}],"about":[{"href":"https:\/\/fo-conforama.fr\/index.php\/wp-json\/wp\/v2\/types\/page"}],"author":[{"embeddable":true,"href":"https:\/\/fo-conforama.fr\/index.php\/wp-json\/wp\/v2\/users\/1"}],"replies":[{"embeddable":true,"href":"https:\/\/fo-conforama.fr\/index.php\/wp-json\/wp\/v2\/comments?post=27"}],"version-history":[{"count":3,"href":"https:\/\/fo-conforama.fr\/index.php\/wp-json\/wp\/v2\/pages\/27\/revisions"}],"predecessor-version":[{"id":2728,"href":"https:\/\/fo-conforama.fr\/index.php\/wp-json\/wp\/v2\/pages\/27\/revisions\/2728"}],"wp:attachment":[{"href":"https:\/\/fo-conforama.fr\/index.php\/wp-json\/wp\/v2\/media?parent=27"}],"curies":[{"name":"wp","href":"https:\/\/api.w.org\/{rel}","templated":true}]}}