{"id":32,"date":"2019-06-22T17:15:14","date_gmt":"2019-06-22T15:15:14","guid":{"rendered":"http:\/\/fo-conforama.fr\/?page_id=32"},"modified":"2024-09-04T15:12:06","modified_gmt":"2024-09-04T13:12:06","slug":"adherez-a-fo","status":"publish","type":"page","link":"https:\/\/fo-conforama.fr\/index.php\/adherez-a-fo\/","title":{"rendered":"Adh\u00e9rez \u00e0 FO"},"content":{"rendered":"\t\t<div data-elementor-type=\"wp-page\" data-elementor-id=\"32\" class=\"elementor elementor-32\">\n\t\t\t\t\t\t<section class=\"elementor-section elementor-top-section elementor-element elementor-element-1dfcced elementor-section-boxed elementor-section-height-default elementor-section-height-default\" data-id=\"1dfcced\" data-element_type=\"section\">\n\t\t\t\t\t\t<div class=\"elementor-container elementor-column-gap-default\">\n\t\t\t\t\t<div class=\"elementor-column elementor-col-100 elementor-top-column elementor-element elementor-element-8afad7f\" data-id=\"8afad7f\" data-element_type=\"column\">\n\t\t\t<div class=\"elementor-widget-wrap elementor-element-populated\">\n\t\t\t\t\t\t<div class=\"elementor-element elementor-element-391288f elementor-align-center elementor-widget elementor-widget-button\" data-id=\"391288f\" data-element_type=\"widget\" data-widget_type=\"button.default\">\n\t\t\t\t<div class=\"elementor-widget-container\">\n\t\t\t\t\t<div class=\"elementor-button-wrapper\">\n\t\t\t<a class=\"elementor-button elementor-button-link elementor-size-sm\" href=\"https:\/\/fo-conforama.fr\/wp-content\/uploads\/2024\/03\/BULLETIN-DADHESION-FEC-Conforama-DSC-compressed.pdf\" download=\"https:\/\/fo-conforama.fr\/wp-content\/uploads\/2024\/03\/BULLETIN-DADHESION-FEC-Conforama-DSC-compressed.pdf\">\n\t\t\t\t\t\t<span class=\"elementor-button-content-wrapper\">\n\t\t\t\t\t\t<span class=\"elementor-button-text\">Cliquez ici pour t\u00e9l\u00e9charger le bulletin d'adh\u00e9sion \u00e0 FO !!!<\/span>\n\t\t<\/span>\n\t\t\t\t\t<\/a>\n\t\t<\/div>\n\t\t\t\t<\/div>\n\t\t\t\t<\/div>\n\t\t\t\t\t<\/div>\n\t\t<\/div>\n\t\t\t\t\t<\/div>\n\t\t<\/section>\n\t\t\t\t<section class=\"elementor-section elementor-top-section elementor-element elementor-element-7b8eac95 elementor-section-boxed elementor-section-height-default elementor-section-height-default\" data-id=\"7b8eac95\" data-element_type=\"section\">\n\t\t\t\t\t\t<div class=\"elementor-container elementor-column-gap-default\">\n\t\t\t\t\t<div class=\"elementor-column elementor-col-100 elementor-top-column elementor-element elementor-element-2cfbbcda\" data-id=\"2cfbbcda\" data-element_type=\"column\">\n\t\t\t<div class=\"elementor-widget-wrap elementor-element-populated\">\n\t\t\t\t\t\t<div class=\"elementor-element elementor-element-6a310e21 elementor-widget elementor-widget-text-editor\" data-id=\"6a310e21\" data-element_type=\"widget\" data-widget_type=\"text-editor.default\">\n\t\t\t\t<div class=\"elementor-widget-container\">\n\t\t\t\t\t\t\t<!-- wp:paragraph -->\r\n<p>Pourquoi adh\u00e9rer \u00e0 <strong><em><span class=\"has-inline-color has-vivid-red-color\">FO<\/span><\/em><\/strong> quand on est salari\u00e9 de Conforama ?<\/p>\r\n<!-- \/wp:paragraph -->\r\n\r\n<!-- wp:paragraph -->\r\n<p><strong><strong><span class=\"has-inline-color has-vivid-red-color\"><em>FORCE OUVRI\u00c8RE<\/em><\/span><\/strong><\/strong>\u00a0est un syndicat qui puise son origine dans la premi\u00e8re Conf\u00e9d\u00e9ration interprofessionnelle, cr\u00e9\u00e9e \u00e0 Limoges en 1895, qui se nommait : la Conf\u00e9d\u00e9ration G\u00e9n\u00e9rale du Travail. Cette \u00ab CGT \u00ab \u00e0 l\u2019\u00e9poque, avait pour seul objet la d\u00e9fense des int\u00e9r\u00eats des salari\u00e9s. Par la suite, ce syndicat a subi l\u2019influence des communistes, qui provoqu\u00e8rent plusieurs scissions. Tous ceux qui \u00e9taient attach\u00e9s \u00e0 l\u2019ind\u00e9pendance syndicale condamn\u00e8rent la politisation de le CGT et sa soumission au Parti Communiste Fran\u00e7ais. C\u2019est alors qu\u2019ils cr\u00e9\u00e8rent en avril 1948 la\u00a0<strong><span class=\"has-inline-color has-vivid-red-color\"><em>Conf\u00e9d\u00e9ration G\u00e9n\u00e9rale du Travail FORCE OUVRI\u00c8RE<\/em><\/span><\/strong> (cgt\u2013<strong><span class=\"has-inline-color has-vivid-red-color\"><em>FO<\/em><\/span><\/strong>). Mais pourquoi avoir conserv\u00e9 le sigle CGT ? Bien s\u00fbr, par fid\u00e9lit\u00e9 \u00e0 l\u2019id\u00e9al de libert\u00e9 et d\u2019ind\u00e9pendance syndicale, qui \u00e9tait \u00e0 l\u2019origine de la cr\u00e9ation du mouvement syndical interprofessionnel, mais aussi pour garder ses racines et continuer le v\u00e9ritable syndicalisme ind\u00e9pendant. Aujourd\u2019hui, historiquement et juridiquement, la cgt\u2013<span class=\"has-inline-color has-vivid-red-color\"><strong><em>FO<\/em><\/strong> <\/span>est le seul syndicat fran\u00e7ais libre et ind\u00e9pendant \u00e0 l\u2019\u00e9gard du patronat, des gouvernements, des partis et, de fa\u00e7on g\u00e9n\u00e9rale, de toute influence ext\u00e9rieure au syndicat. C\u2019est sa force, c\u2019est votre force.<\/p>\r\n<!-- \/wp:paragraph -->\r\n\r\n<!-- wp:paragraph -->\r\n<p>Tu partages nos valeurs :\u00a0libert\u00e9 &#8211; ind\u00e9pendance &#8211; absence de compromission&#8230; ? Tu veux participer \u00e0 nos combats ?\u00a0Alors, adh\u00e8re \u00e0\u00a0<em><strong><span class=\"has-inline-color has-vivid-red-color\">FO<\/span>\u00a0<\/strong><\/em>!\u00a0Pour cela, tu peux t\u00e9l\u00e9charger puis remplir le bulletin ci-dessus, et ensuite l&#8217;envoyer \u00e0 l&#8217;adresse de messagerie indiqu\u00e9e dans celui-ci.<\/p>\r\n<p><a href=\"https:\/\/fo-conforama.fr\/wp-content\/uploads\/2024\/03\/BULLETIN-DADHESION-FEC-Conforama-DSC-compressed.pdf\" class=\"pdfemb-viewer\" style=\"\" data-width=\"max\" data-height=\"max\" data-toolbar=\"both\" data-toolbar-fixed=\"off\">BULLETIN D&#039;ADHESION FEC Conforama &#8211; DSC &#8211; compressed<\/a><\/p>\r\n<!-- \/wp:paragraph -->\r\n\r\n<!-- wp:pdfemb\/pdf-embedder-viewer {\"pdfID\":1958,\"url\":\"https:\/\/fo-conforama.fr\/wp-content\/uploads\/2022\/09\/BULLETIN-DADHESION-FEC-Conforama-DSC-compressed.pdf\"} --><!-- \/wp:paragraph -->\t\t\t\t\t\t<\/div>\n\t\t\t\t<\/div>\n\t\t\t\t\t<\/div>\n\t\t<\/div>\n\t\t\t\t\t<\/div>\n\t\t<\/section>\n\t\t\t\t<\/div>\n\t\t","protected":false},"excerpt":{"rendered":"<div class=\"mh-excerpt\"><p>Cliquez ici pour t\u00e9l\u00e9charger le bulletin d&#8217;adh\u00e9sion \u00e0 FO !!! Pourquoi adh\u00e9rer \u00e0 FO quand on est salari\u00e9 de Conforama ? FORCE OUVRI\u00c8RE\u00a0est un syndicat <a class=\"mh-excerpt-more\" href=\"https:\/\/fo-conforama.fr\/index.php\/adherez-a-fo\/\" title=\"Adh\u00e9rez \u00e0 FO\">[&#8230;]<\/a><\/p>\n<\/div>","protected":false},"author":1,"featured_media":0,"parent":0,"menu_order":0,"comment_status":"closed","ping_status":"closed","template":"template-full.php","meta":{"footnotes":""},"yoast_head":"<!-- This site is optimized with the Yoast SEO plugin v22.2 - https:\/\/yoast.com\/wordpress\/plugins\/seo\/ -->\n<title>Adh\u00e9rer \u00e0 FORCE OUVRIERE pour d\u00e9fendre ses droits ! | FO Conforama<\/title>\n<meta name=\"description\" content=\"Adh\u00e9rer \u00e0 FO chez Conforama est votre droit ! D\u00e9couvrez notre histoire et manifestez votre soutien en adh\u00e9rant .. ou en militant \u00e0 nos c\u00f4t\u00e9s !\" \/>\n<meta name=\"robots\" content=\"index, follow, max-snippet:-1, max-image-preview:large, max-video-preview:-1\" \/>\n<link rel=\"canonical\" href=\"https:\/\/fo-conforama.fr\/index.php\/adherez-a-fo\/\" \/>\n<meta property=\"og:locale\" content=\"fr_FR\" \/>\n<meta property=\"og:type\" content=\"article\" \/>\n<meta property=\"og:title\" content=\"Adh\u00e9rer \u00e0 FORCE OUVRIERE pour d\u00e9fendre ses droits ! | FO Conforama\" \/>\n<meta property=\"og:description\" content=\"Adh\u00e9rer \u00e0 FO chez Conforama est votre droit ! D\u00e9couvrez notre histoire et manifestez votre soutien en adh\u00e9rant .. ou en militant \u00e0 nos c\u00f4t\u00e9s !\" \/>\n<meta property=\"og:url\" content=\"https:\/\/fo-conforama.fr\/index.php\/adherez-a-fo\/\" \/>\n<meta property=\"og:site_name\" content=\"FO Conforama\" \/>\n<meta property=\"article:publisher\" content=\"https:\/\/www.facebook.com\/foconforama\/\" \/>\n<meta property=\"article:modified_time\" content=\"2024-09-04T13:12:06+00:00\" \/>\n<meta name=\"twitter:card\" content=\"summary_large_image\" \/>\n<meta name=\"twitter:label1\" content=\"Dur\u00e9e de lecture estim\u00e9e\" \/>\n\t<meta name=\"twitter:data1\" content=\"2 minutes\" \/>\n<script type=\"application\/ld+json\" class=\"yoast-schema-graph\">{\"@context\":\"https:\/\/schema.org\",\"@graph\":[{\"@type\":\"WebPage\",\"@id\":\"https:\/\/fo-conforama.fr\/index.php\/adherez-a-fo\/\",\"url\":\"https:\/\/fo-conforama.fr\/index.php\/adherez-a-fo\/\",\"name\":\"Adh\u00e9rer \u00e0 FORCE OUVRIERE pour d\u00e9fendre ses droits ! | FO Conforama\",\"isPartOf\":{\"@id\":\"https:\/\/fo-conforama.fr\/#website\"},\"datePublished\":\"2019-06-22T15:15:14+00:00\",\"dateModified\":\"2024-09-04T13:12:06+00:00\",\"description\":\"Adh\u00e9rer \u00e0 FO chez Conforama est votre droit ! D\u00e9couvrez notre histoire et manifestez votre soutien en adh\u00e9rant .. ou en militant \u00e0 nos c\u00f4t\u00e9s !\",\"breadcrumb\":{\"@id\":\"https:\/\/fo-conforama.fr\/index.php\/adherez-a-fo\/#breadcrumb\"},\"inLanguage\":\"fr-FR\",\"potentialAction\":[{\"@type\":\"ReadAction\",\"target\":[\"https:\/\/fo-conforama.fr\/index.php\/adherez-a-fo\/\"]}]},{\"@type\":\"BreadcrumbList\",\"@id\":\"https:\/\/fo-conforama.fr\/index.php\/adherez-a-fo\/#breadcrumb\",\"itemListElement\":[{\"@type\":\"ListItem\",\"position\":1,\"name\":\"Home\",\"item\":\"https:\/\/fo-conforama.fr\/\"},{\"@type\":\"ListItem\",\"position\":2,\"name\":\"Adh\u00e9rez \u00e0 FO\"}]},{\"@type\":\"WebSite\",\"@id\":\"https:\/\/fo-conforama.fr\/#website\",\"url\":\"https:\/\/fo-conforama.fr\/\",\"name\":\"FO Conforama\",\"description\":\"Bienvenue sur le site de Force Ouvri\u00e8re Conforama\",\"publisher\":{\"@id\":\"https:\/\/fo-conforama.fr\/#organization\"},\"potentialAction\":[{\"@type\":\"SearchAction\",\"target\":{\"@type\":\"EntryPoint\",\"urlTemplate\":\"https:\/\/fo-conforama.fr\/?s={search_term_string}\"},\"query-input\":\"required name=search_term_string\"}],\"inLanguage\":\"fr-FR\"},{\"@type\":\"Organization\",\"@id\":\"https:\/\/fo-conforama.fr\/#organization\",\"name\":\"SECTION FO CONFORAMA\",\"url\":\"https:\/\/fo-conforama.fr\/\",\"logo\":{\"@type\":\"ImageObject\",\"inLanguage\":\"fr-FR\",\"@id\":\"https:\/\/fo-conforama.fr\/#\/schema\/logo\/image\/\",\"url\":\"https:\/\/fo-conforama.fr\/wp-content\/uploads\/2019\/06\/logo-force-ouvriere-conforama-e1561365263970.jpg\",\"contentUrl\":\"https:\/\/fo-conforama.fr\/wp-content\/uploads\/2019\/06\/logo-force-ouvriere-conforama-e1561365263970.jpg\",\"width\":150,\"height\":116,\"caption\":\"SECTION FO CONFORAMA\"},\"image\":{\"@id\":\"https:\/\/fo-conforama.fr\/#\/schema\/logo\/image\/\"},\"sameAs\":[\"https:\/\/www.facebook.com\/foconforama\/\"]}]}<\/script>\n<!-- \/ Yoast SEO plugin. -->","yoast_head_json":{"title":"Adh\u00e9rer \u00e0 FORCE OUVRIERE pour d\u00e9fendre ses droits ! | FO Conforama","description":"Adh\u00e9rer \u00e0 FO chez Conforama est votre droit ! D\u00e9couvrez notre histoire et manifestez votre soutien en adh\u00e9rant .. ou en militant \u00e0 nos c\u00f4t\u00e9s !","robots":{"index":"index","follow":"follow","max-snippet":"max-snippet:-1","max-image-preview":"max-image-preview:large","max-video-preview":"max-video-preview:-1"},"canonical":"https:\/\/fo-conforama.fr\/index.php\/adherez-a-fo\/","og_locale":"fr_FR","og_type":"article","og_title":"Adh\u00e9rer \u00e0 FORCE OUVRIERE pour d\u00e9fendre ses droits ! | FO Conforama","og_description":"Adh\u00e9rer \u00e0 FO chez Conforama est votre droit ! D\u00e9couvrez notre histoire et manifestez votre soutien en adh\u00e9rant .. ou en militant \u00e0 nos c\u00f4t\u00e9s !","og_url":"https:\/\/fo-conforama.fr\/index.php\/adherez-a-fo\/","og_site_name":"FO Conforama","article_publisher":"https:\/\/www.facebook.com\/foconforama\/","article_modified_time":"2024-09-04T13:12:06+00:00","twitter_card":"summary_large_image","twitter_misc":{"Dur\u00e9e de lecture estim\u00e9e":"2 minutes"},"schema":{"@context":"https:\/\/schema.org","@graph":[{"@type":"WebPage","@id":"https:\/\/fo-conforama.fr\/index.php\/adherez-a-fo\/","url":"https:\/\/fo-conforama.fr\/index.php\/adherez-a-fo\/","name":"Adh\u00e9rer \u00e0 FORCE OUVRIERE pour d\u00e9fendre ses droits ! | FO Conforama","isPartOf":{"@id":"https:\/\/fo-conforama.fr\/#website"},"datePublished":"2019-06-22T15:15:14+00:00","dateModified":"2024-09-04T13:12:06+00:00","description":"Adh\u00e9rer \u00e0 FO chez Conforama est votre droit ! D\u00e9couvrez notre histoire et manifestez votre soutien en adh\u00e9rant .. ou en militant \u00e0 nos c\u00f4t\u00e9s !","breadcrumb":{"@id":"https:\/\/fo-conforama.fr\/index.php\/adherez-a-fo\/#breadcrumb"},"inLanguage":"fr-FR","potentialAction":[{"@type":"ReadAction","target":["https:\/\/fo-conforama.fr\/index.php\/adherez-a-fo\/"]}]},{"@type":"BreadcrumbList","@id":"https:\/\/fo-conforama.fr\/index.php\/adherez-a-fo\/#breadcrumb","itemListElement":[{"@type":"ListItem","position":1,"name":"Home","item":"https:\/\/fo-conforama.fr\/"},{"@type":"ListItem","position":2,"name":"Adh\u00e9rez \u00e0 FO"}]},{"@type":"WebSite","@id":"https:\/\/fo-conforama.fr\/#website","url":"https:\/\/fo-conforama.fr\/","name":"FO Conforama","description":"Bienvenue sur le site de Force Ouvri\u00e8re Conforama","publisher":{"@id":"https:\/\/fo-conforama.fr\/#organization"},"potentialAction":[{"@type":"SearchAction","target":{"@type":"EntryPoint","urlTemplate":"https:\/\/fo-conforama.fr\/?s={search_term_string}"},"query-input":"required name=search_term_string"}],"inLanguage":"fr-FR"},{"@type":"Organization","@id":"https:\/\/fo-conforama.fr\/#organization","name":"SECTION FO CONFORAMA","url":"https:\/\/fo-conforama.fr\/","logo":{"@type":"ImageObject","inLanguage":"fr-FR","@id":"https:\/\/fo-conforama.fr\/#\/schema\/logo\/image\/","url":"https:\/\/fo-conforama.fr\/wp-content\/uploads\/2019\/06\/logo-force-ouvriere-conforama-e1561365263970.jpg","contentUrl":"https:\/\/fo-conforama.fr\/wp-content\/uploads\/2019\/06\/logo-force-ouvriere-conforama-e1561365263970.jpg","width":150,"height":116,"caption":"SECTION FO CONFORAMA"},"image":{"@id":"https:\/\/fo-conforama.fr\/#\/schema\/logo\/image\/"},"sameAs":["https:\/\/www.facebook.com\/foconforama\/"]}]}},"_links":{"self":[{"href":"https:\/\/fo-conforama.fr\/index.php\/wp-json\/wp\/v2\/pages\/32"}],"collection":[{"href":"https:\/\/fo-conforama.fr\/index.php\/wp-json\/wp\/v2\/pages"}],"about":[{"href":"https:\/\/fo-conforama.fr\/index.php\/wp-json\/wp\/v2\/types\/page"}],"author":[{"embeddable":true,"href":"https:\/\/fo-conforama.fr\/index.php\/wp-json\/wp\/v2\/users\/1"}],"replies":[{"embeddable":true,"href":"https:\/\/fo-conforama.fr\/index.php\/wp-json\/wp\/v2\/comments?post=32"}],"version-history":[{"count":9,"href":"https:\/\/fo-conforama.fr\/index.php\/wp-json\/wp\/v2\/pages\/32\/revisions"}],"predecessor-version":[{"id":3569,"href":"https:\/\/fo-conforama.fr\/index.php\/wp-json\/wp\/v2\/pages\/32\/revisions\/3569"}],"wp:attachment":[{"href":"https:\/\/fo-conforama.fr\/index.php\/wp-json\/wp\/v2\/media?parent=32"}],"curies":[{"name":"wp","href":"https:\/\/api.w.org\/{rel}","templated":true}]}}